{"id":201,"date":"2019-03-10T17:03:51","date_gmt":"2019-03-10T16:03:51","guid":{"rendered":"http:\/\/speleoclubdemarseille.fr\/?page_id=201"},"modified":"2019-03-10T17:09:56","modified_gmt":"2019-03-10T16:09:56","slug":"reglement-interieur","status":"publish","type":"page","link":"https:\/\/speleoclubdemarseille.fr\/?page_id=201","title":{"rendered":"R\u00e8glement interieur"},"content":{"rendered":"\n<p><strong>&nbsp; REGLEMENT&nbsp; &nbsp; INTERIEUR<\/strong><br>\n<br>\n<strong>INTRODUCTION<\/strong><br>\n<br>\nDe nos jours g\u00e9rer un club peut engager votre responsabilit\u00e9 sur le plan p\u00e9nal en cas d\u2019accident, m\u00eame si vous \u00eates un simple b\u00e9n\u00e9vole. Il importe donc que la pratique de la sp\u00e9l\u00e9o au sein de notre club puisse \u00eatre exerc\u00e9e dans les meilleures conditions de s\u00e9curit\u00e9.<br>\n<br>\nPar cons\u00e9quent, si l\u2019on ne peut emp\u00eacher des membres de notre club de partir en sortie autonome, et suivant leurs propres arrangements, il demeure important, et c\u2019est l\u00e0 l\u2019un des devoirs du comit\u00e9 directeur et de son pr\u00e9sident, de conseiller vivement que soient respect\u00e9es certaines r\u00e8gles, le non respect peux mener apr\u00e8s avertissement oral et \u00e9crit \u00e0 des sanctions.<br>\n<br>\nDonc, pour la s\u00e9curit\u00e9 de tous, il est conseill\u00e9 \u00e0 l\u2019ensemble des membres du Sp\u00e9l\u00e9o Club de Marseille, ainsi qu\u2019aux nouveaux arrivants, de s\u2019efforcer de sortir dans le cadre des r\u00e8gles fix\u00e9es sous la rubrique \u00ab PROGRAMME DES SORTIES \u00bb (cf Titre II).<br>\n<br>\nDe la m\u00eame fa\u00e7on, certaines r\u00e8gles dites \u00ab REGLES GENERALES \u00ab devront \u00eatre scrupuleusement respect\u00e9es.<br>\n<br>\n&nbsp;ce pr\u00e9sent r\u00e8glement peux donc \u00e9voluer.<br>\n<br>\n<strong>REGLES GENERALES<\/strong>&nbsp;<br>\n<br>\n1) REGISTRE DES SORTIES<br>\n<br>\nIl est obligatoire d\u2019inscrire toutes les sorties dans le registre, disponible au local mat\u00e9riel. Toutes les rubriques doivent y \u00eatre correctement remplies.<br>\n<br>\n2) ASSURANCE<br>\n<br>\nAucune personne ne peut participer \u00e0 quelque titre que ce soit, \u00e0 une sortie sp\u00e9l\u00e9o, si elle n\u2019est pas assur\u00e9e.<br>\n<br>\nChacun doit \u00eatre \u00e0 m\u00eame de pouvoir justifier qu\u2019il est assur\u00e9.<br>\nLes assurances temporaires sont r\u00e9serv\u00e9es aux initiations ou d\u00e9couvertes. Celles-ci , sont souscrites en ligne aupr\u00e8s de la F\u00e9d\u00e9ration Fran\u00e7aise de Sp\u00e9l\u00e9ologie.<\/p>\n\n\n\n<p>3) CERTIFICAT MEDICAL <br> &nbsp;<br> il est obligatoire de produire un certificat m\u00e9dical, indiquant clairement la non contre indication \u00e0 la pratique de la sp\u00e9l\u00e9o : certificat de moins d\u2019un an. Le mod\u00e8le fournit par&nbsp; la FFS est a privil\u00e8gier.<br> <br> 4) LES NOUVEAUX<br> <br> Il est accept\u00e9 que toute personne nouvelle au club, puisse s\u2019adonner \u00e0 la pratique de la sp\u00e9l\u00e9o sans \u00eatre imm\u00e9diatement adh\u00e9rent au S.C.M, pourvu qu\u2019elle soit bien entendue assur\u00e9e.<\/p>\n\n\n\n<p>Toutefois, \u00e0 la troisi\u00e8me sortie, cette adh\u00e9sion devient obligatoire. Des feuilles d\u2019inscriptions sont en permanence disponibles. Il est aussi obligatoire d\u2019\u00eatre licenci\u00e9 FFS F\u00e9d\u00e9ration Fran\u00e7aise de Sp\u00e9l\u00e9ologie .<br> <br> Dans le dossier remis \u00e0 chaque adh\u00e9rent figure :<br> <br> Une fiche d\u2019inscriptions SCM<br> UN REGLEMENT<br> L\u2019organigramme de notre structure<br> Les coordonn\u00e9es des membres<br> <br> 5) LES MINEURS<br> <br> Pour les mineurs, il est obligatoire de produire un certificat m\u00e9dical, indiquant clairement la non contre indication \u00e0 la pratique de la sp\u00e9l\u00e9o : certificat de moins d\u2019un an.<br> Les mineurs doivent \u00eatre assur\u00e9s au m\u00eame titre que les adultes.<br> Les mineurs doivent imp\u00e9rativement \u00eatre accompagn\u00e9e d\u2019un parents titulaire de l&rsquo;autorit\u00e9 parentale dans la sortie, et  un tuteur doit \u00eatre d\u00e9sign\u00e9 pour accompagner le mineur.<br> <br> Enfin, dans chaque sortie avec mineur, l\u2019organisateur, a le devoir de v\u00e9rifier que les trois conditions pr\u00e9c\u00e9dentes sont bien r\u00e9unies.<br> <br> AUCUN MINEUR NE PEUT PARTICIPER A UNE SORTIE CHANTIER.<br> <br> <strong>REGISTRE DES SORTIES<\/strong><br> <br> Pour l\u2019utilisation du registre, il faut prendre en compte les d\u00e9finitions suivantes, qui ont trait aux rubriques \u00e0 remplir.<br> <br> 1)SORTIE CLUB<br> <br> C\u2019est la seule sortie d\u00fbment approuv\u00e9e par le Comit\u00e9 Directeur et par le Pr\u00e9sident du S .C. M.<br> <br> Elle n\u00e9cessite&nbsp;<br> <br> Le respect total des \u2018\u2019r\u00e8gles g\u00e9n\u00e9rales \u2019\u2019<br> <br> Le responsable de la sortie a le devoir de d\u00e9cider qui peut \u00e9quiper et d\u00e9s\u00e9quiper la cavit\u00e9. Il doit \u00eatre attentif aux niveaux des participants, \u00e0 la m\u00e9t\u00e9orologie. Il peut d\u00e9l\u00e9guer certaines taches, mais doit veiller \u00e0 ce que les instructions soient suivies.<br> <br> (D\u00e9l\u00e9guer ne signifiant par transfert des responsabilit\u00e9s)<br> <br> Il doit \u00e9galement v\u00e9rifier :<br> que tous les participants sont bien assur\u00e9s,  ont fourni un certificat medical , que les non autonomes aient un Tuteur , et que les mineurs ont les documents n\u00e9cessaires (cf \u2018\u2019les mineurs\u2019\u2019) ?<br> Il est la personne qui tranche en dernier ressort.<br> la sortie ne peut \u00eatre un chantier.<br> <br> 2)SORTIE ENTRE MEMBRES<br> <br> Entre dans cette rubrique toute sortie qui ne respecte pas au moins l\u2019un des points de la \u2018\u2019Sortie club\u2019\u2019<br> <br> Ce qui signifie, que la ou les personnes organisant une sortie \u2018\u2019entre membres \u2018\u2019engagent leurs responsabilit\u00e9s en cas d\u2019accident. <\/p>\n\n\n\n<p class=\"has-text-color has-very-dark-gray-color\"> En revanche, les \u2018\u2019r\u00e8gles g\u00e9n\u00e9rales obligatoires\u2019\u2019 doivent \u00eatre rigoureusement respect\u00e9es. Dans le cas contraire toute sortie avec le mat\u00e9riel du club est interdite sous ce label.<br> <br> 3)SORTIE CHANTIER<br> <br> Il s\u2019agit de toute sortie impliquant que l\u2019on va \u2018\u2019travailler\u2019\u2019 sous terre, et qui pr\u00e9sente des risques qu\u2019il est impossible aux membres du Comit\u00e9 Directeur et de son pr\u00e9sident d\u2019appr\u00e9hender \u00e0 leur juste niveau.<br> <br> Les explorations \u2018\u2019en premi\u00e8re\u2019\u2019 sont souvent assorties de d\u00e9sobstruction et repr\u00e9sente un objectif important dans la vie d\u2019un sp\u00e9l\u00e9ologue donc celle d\u2019un club.<br> <br> Ces sorties ne sont donc pas interdites et peuvent se pratiquer sous le label Sp\u00e9l\u00e9o Club de Marseille. Toutefois nous demandons \u00e0 ces membres la plus grande prudence, et le respect des \u2018\u2019R\u00e8gles G\u00e9n\u00e9rales \u2019\u2019.<br> <br> Celles-ci respect\u00e9es, une \u2018\u2019sortie chantier\u2019\u2019 n\u2019engage pas la responsabilit\u00e9 de l\u2019organisateur mais celle de chaque participant.<br> <br> Par ailleurs, sous la houlette de son pr\u00e9sident en exercice, le Sp\u00e9l\u00e9o Club de Marseille s\u2019engage \u00e0 proc\u00e9der r\u00e9guli\u00e8rement \u00e0 des rappels en mati\u00e8re de s\u00e9curit\u00e9. Ces interventions li\u00e9es \u00e0 la pr\u00e9vention des accidents seront dispens\u00e9es aux membres du club lors des r\u00e9unions, les informations principales seront affich\u00e9es au Club (stage de secourisme, conditions l\u00e9gales d\u2019utilisations d\u2019explosifs et stages propos\u00e9s, exercices sp\u00e9l\u00e9o secours, v\u00e9rification du mat\u00e9riel d\u2019\u00e9quipement en place, etc)&nbsp;<br> <br> 4)PERSONNE AUTONOME<br> <br> Membre du club qui n\u2019a plus besoin d\u2019un \u2018\u2019tuteur\u2019\u2019 : il s\u2019agit l\u00e0 de toute personne ayant assimil\u00e9 les techniques de progression avec ou sans agr\u00e8s.<br> <br> 5)ORGANISATEUR DE SORTIE<br> <br> C\u2019est la personne qui est \u00e0 l\u2019initiative d\u2019une sortie, il per\u00e7oit le mat\u00e9riel et le restitue : elle devra veiller \u00e0 ce que le mat\u00e9riel soit v\u00e9rifi\u00e9, propre, non d\u00e9solidaris\u00e9, cordes lov\u00e9es et le tout rendu en une seule fois (complet).<br> Le mat\u00e9riel d\u2019\u00e9clairage doit \u00eatre rendu en \u00e9tat.<br> 1\u00b0)Il doit veiller \u00e0 ce que tous les membres soient assur\u00e9s pour la discipline et ait fourni un certificat m\u00e9dical de moins d&rsquo;un an . <br> <br> 2\u00b0)Il doit veiller \u00e0 ce que tout mineur de sa sortie ait fourni un certificat m\u00e9dical (dat\u00e9 de moins d\u2019un an ), assur\u00e9 , et soit accompagn\u00e9 d\u2019un parent  ayant l&rsquo;autorite parentale pour cette sortie.<br> 3\u00b0)Il doit tout au long de la sortie v\u00e9rifier que chaque membre non autonome soit r\u00e9guli\u00e8rement encadr\u00e9.<br> <br> Il est fortement recommand\u00e9 de fixer par avance un tuteur aux personnes non autonomes.<br> <br> IMPORTANT<br> <br> Il revient imp\u00e9rativement \u00e0 l\u2019organisateur de la sortie de s\u2019enqu\u00e9rir de la m\u00e9t\u00e9o et de pr\u00e9venir une fois la sortie termin\u00e9e.&nbsp;<br> <br> 6)TUTEUR&nbsp;<br> <br> C\u2019est obligatoirement un membre autonome, ayant eu l\u2019aval du l\u2019organisateur qui est seul juge \u00e0 estimer s\u2019il peut encadrer un mineur ou un membre non autonome.<br> <br> Son r\u00f4le est d\u2019encadrer tout au long d\u2019une sortie une personne, de la surveiller et de la conseiller. Le tuteur a autorit\u00e9 sur cette personne et doit \u00e0 tout moment pouvoir rendre compte aupr\u00e8s de l\u2019organisateur de tout probl\u00e8me.<br> <br> Un tuteur ne peut en aucun cas d\u00e9signer lui-m\u00eame une personne pour le remplacer. L\u2019avis du responsable ou de l\u2019organisateur est n\u00e9cessaire.<br> <br> 7)LA CARTE SCM<br> <br> En vente tout au long de l\u2019ann\u00e9e, elle permet l\u2019acc\u00e9s gratuit au materiel, au carbure, et au emprunt de livre et m\u00e9dia. Elle est valable pour une ann\u00e9e , et est valable du 1er janvier au 31 decembre de l annee. Cette carte remplace les cautions fix\u00e9es \u00e0 30 euros pour la biblioth\u00e8que, 300 euros pour le materiel. En outre, les nouveaux n\u2019\u00e9tant pas encore SCM devrons nous laisser une caution.<br> <br> <strong>REGLEMENTATION CONCERNANT L\u2019USAGE DU MATERIEL ET CERTAINES REGLES A OBSERVER<\/strong><br> <br> 1\u00b0) En dehors des responsables du mat\u00e9riel, aucune personne ne devra passer derri\u00e8re le comptoir. Si le besoin s\u2019en fait sentir, les responsables du mat\u00e9riel pourront solliciter un membre du club pour les assister.<br> <br> 2\u00b0) Un seul responsable par sortie doit se mettre en contact avec les responsables du mat\u00e9riel.&nbsp;<br> <br> 3\u00b0) Pour d\u00e9livrer le mat\u00e9riel la priorit\u00e9 est accord\u00e9e par les responsables au regard de l\u2019ordre d\u2019inscription sur le registre des sorties.<br> <br> 4\u00b0) Pour les sorties de derni\u00e8res minutes ne recevront leur mat\u00e9riel que lorsque les sorties les programm\u00e9es auront \u00e9t\u00e9 servies.<br> <strong>PERCEPTION ET REINTEGRATION DU MATERIEL<\/strong><br> <br> Au moment de sa r\u00e9int\u00e9gration le responsable de sortie restituera l\u2019int\u00e9gralit\u00e9 du mat\u00e9riel.<br> IL est donc demand\u00e9 \u00e0 chaque \u00e9quipe de s\u2019entendre pour \u00eatre en mesure de ramener le mat\u00e9riel le plus t\u00f4t possible.&nbsp;<br> <br> TOUT MATERIEL INDIVIDUEL OU COLLECTIF DOIT ETRE RAMENE SOUS HUIT JOURS.<br> <br> Tout mat\u00e9riel doit \u00eatre v\u00e9rifi\u00e9 avant restitution.<br> <br> Toute anomalie doit \u00eatre signal\u00e9e (Cordes ou sangles endommag\u00e9es, filetages des amarrages us\u00e9s, etc )<br> <br> Les cordes ab\u00eem\u00e9es ne doivent pas \u00eatre coup\u00e9es apr\u00e8s la sortie d\u2019un trou. Elles seront signal\u00e9es aux responsables du mat\u00e9riel qui feront le n\u00e9cessaire.<br> <br> Les cordes et les amarrages ne seront pas donn\u00e9s aux personnes n\u2019ayant pas l\u2019exp\u00e9rience et les comp\u00e9tences n\u00e9cessaire \u00e0 l\u2019\u00e9quipement des cavit\u00e9s (Voir responsable de formation)<br> <br> ATTENTION&nbsp;POUR LA SECURITE DE TOUS ET DE CHACUN :<br> <br> Il est indispensable de laver tr\u00e8s soigneusement les cordes \u00e0 l\u2019eau claire pour la simple et bonne raison que la boue qui macule celles-ci est charg\u00e9e de micro cristaux de calcite, aux arr\u00eates vives qui usent insidieusement les fibres jusqu&rsquo;\u00e0 les couper.<br> <br> Les produits et lessives sont interdits. Les agents chimiques alt\u00e8rent les fibres de la corde. (Ne jamais laver les cordes en laverie ou machine, il reste des particules de lessives)<br> <br> Toujours faire s\u00e9cher et entreposer les cordes \u00e0 l\u2019ombre car les rayonnements solaires (ultra violets) alt\u00e8rent les mol\u00e9cules qui composent les fibres Tergals et Nylon, ce qui constitue une grave nuisance aux cordes (r\u00e9sistances aux chocs, \u00e9lasticit\u00e9, dur\u00e9e de vie, etc)<br> <br> LES CORDES DOIVENT ETRE RENDUES LOVEES ET LES KITS PROPRES (rinc\u00e9s et bross\u00e9s)<br> <br> TOUT INCIDENT ESTIME IMPORTANT PAR LES RESPONSABLES MATERIEL (NON-RESPECT DES CONSIGNES) SERA SIGNIFIE AU PRESIDENT DU CLUB ET A L\u2019ENSEMBLE DU COMITE QUI DECIDERONT ALORS DES MESURES A PRENDRE OU DES DISPOSITIONS A MODIFIER. L\u2019INTERDICTION MOMENTANEE OU DEFINITIVE DE PRENDRE DU MATERIEL FERA PARTIE DES MESURES QUI POURRONT ETRE PRISES EN L\u2019ENCONTRE D\u2019UN MEMBRE N\u2019AYANT PAS L\u2019ESPRIT \u2018\u2019CLUB\u2019\u2019.<br> <br> PERCEPTION DU MATERIEL INDIVIDUEL<br> &#8211; Aucun \u00e9l\u00e9ment du mat\u00e9riel dit \u2018\u2019m\u00e9canique\u2019\u2019 ne doit \u00eatre d\u00e9solidaris\u00e9.<br> <br> &nbsp;Le mat\u00e9riel individuel ou collectif doit \u00eatre v\u00e9rifi\u00e9 lors de sa prise en compte au sein du club par son emprunteur.<br> <br> &nbsp;Lors de sa r\u00e9int\u00e9gration, les responsables mat\u00e9riel v\u00e9rifieront celui-ci, il sera alors trop tard pour d\u00e9clarer qu\u2019une pi\u00e8ce absente ou d\u00e9fectueuse ne rel\u00e8ve pas de sa responsabilit\u00e9.<br> <br> &nbsp;Sur les casques, les ampoules doivent \u00eatre v\u00e9rifi\u00e9es, de m\u00eame que les branchements du bo\u00eetier pile.<br> <br> IL VA SANS DIRE QUE LE RESPONSABLE MATERIEL A L\u2019APTITUDE DE FAIRE RESPECTER CETTE REGLEMENTATION ET SES REGLES AVEC TOUTE LA SOUPLESSE OU LA FERMETE QU\u2019IL DESIRERA AU REGARD DES PROBLEMES RENCONTRES ET AUX COMPORTEMENTS OBSERVES.<br> <br> Vos r\u00e9flexions et suggestions \u00e0 venir nous am\u00e8nerons peut-\u00eatre \u00e0 modifier cette r\u00e9glementation ayant pour but de facilit\u00e9 le bon fonctionnement et la pr\u00e9servation du mat\u00e9riel ainsi que la s\u00e9curit\u00e9.<br> <br> <strong>REGLEMENTATION CONCERNANT LA BIBLIOTHEQUE ET LA VIDEOTHEQUE<\/strong><br> <br> De fa\u00e7on \u00e0 favorise les connaissances de chacun, l\u2019acc\u00e8s aux ouvrages est gratuit. Un cheque de caution de 30 euros vous sera toutefois demand\u00e9e. Neanmoins au del\u00e0 d\u2019un d\u00e9lai de 30 jours cette caution sera encaiss\u00e9e pour \u00e9viter d\u2019immobiliser certains ouvrages. Il est possible de venir repr\u00e9senter votre emprunt pour le garder encore une p\u00e9riode sans aucune indemnit\u00e9.<br> <br> Bien entendu tout ouvrage d\u00e9t\u00e9rior\u00e9 sera factur\u00e9.<br> <br> <br> Le pr\u00e9sident :<br><\/p>\n","protected":false},"excerpt":{"rendered":"<p>&nbsp; REGLEMENT&nbsp; &nbsp; INTERIEUR INTRODUCTION De nos jours g\u00e9rer un club peut engager votre responsabilit\u00e9 sur le plan p\u00e9nal en cas d\u2019accident, m\u00eame si vous \u00eates un simple b\u00e9n\u00e9vole. Il importe donc que la pratique de la sp\u00e9l\u00e9o au sein de notre club puisse \u00eatre exerc\u00e9e dans les meilleures conditions de s\u00e9curit\u00e9. Par cons\u00e9quent, si [&hellip;]<\/p>\n","protected":false},"author":1,"featured_media":0,"parent":145,"menu_order":1,"comment_status":"closed","ping_status":"closed","template":"","meta":[],"_links":{"self":[{"href":"https:\/\/speleoclubdemarseille.fr\/index.php?rest_route=\/wp\/v2\/pages\/201"}],"collection":[{"href":"https:\/\/speleoclubdemarseille.fr\/index.php?rest_route=\/wp\/v2\/pages"}],"about":[{"href":"https:\/\/speleoclubdemarseille.fr\/index.php?rest_route=\/wp\/v2\/types\/page"}],"author":[{"embeddable":true,"href":"https:\/\/speleoclubdemarseille.fr\/index.php?rest_route=\/wp\/v2\/users\/1"}],"replies":[{"embeddable":true,"href":"https:\/\/speleoclubdemarseille.fr\/index.php?rest_route=%2Fwp%2Fv2%2Fcomments&post=201"}],"version-history":[{"count":2,"href":"https:\/\/speleoclubdemarseille.fr\/index.php?rest_route=\/wp\/v2\/pages\/201\/revisions"}],"predecessor-version":[{"id":203,"href":"https:\/\/speleoclubdemarseille.fr\/index.php?rest_route=\/wp\/v2\/pages\/201\/revisions\/203"}],"up":[{"embeddable":true,"href":"https:\/\/speleoclubdemarseille.fr\/index.php?rest_route=\/wp\/v2\/pages\/145"}],"wp:attachment":[{"href":"https:\/\/speleoclubdemarseille.fr\/index.php?rest_route=%2Fwp%2Fv2%2Fmedia&parent=201"}],"curies":[{"name":"wp","href":"https:\/\/api.w.org\/{rel}","templated":true}]}}