{"id":145,"date":"2019-03-07T16:47:14","date_gmt":"2019-03-07T15:47:14","guid":{"rendered":"http:\/\/speleoclubdemarseille.fr\/?page_id=145"},"modified":"2019-03-10T17:29:55","modified_gmt":"2019-03-10T16:29:55","slug":"identite","status":"publish","type":"page","link":"https:\/\/speleoclubdemarseille.fr\/?page_id=145","title":{"rendered":"identite"},"content":{"rendered":"\n<p>Il a \u00e9t\u00e9 fond\u00e9 le 1er f\u00e9vrier 1959 une association r\u00e9gie par la loi du 1er juillet 1901 et le d\u00e9cret du 16 Ao\u00fbt 1901<\/p>\n\n\n\n<p>et ayant pour titre :<\/p>\n\n\n\n<p><strong>SPELEO CLUB de MARSEILLE\u00a0<\/strong>(SCM)<br>Cette Association prend forme des 1951 au sein du CLUB ALPIN FRAN\u00c7AIS (CAF) pour renforcer et<\/p>\n\n\n\n<p>compl\u00e9ter l&rsquo;\u00e9quipe d\u00e9j\u00e0 existante sous l&rsquo;appellation Section de Provence du CAF.<\/p>\n\n\n\n<p>Le SPELEO CLUB de MARSEILLE d\u00e9bute \u00e0 cette date mais il n\u2019est officiellement d\u00e9clar\u00e9 en association que le 1er F\u00e9vrier 1959, soit 8 ans plus tard.<strong>A<\/strong><\/p>\n\n\n\n<p>Le SCM a pour but de favoriser la pratique de la Sp\u00e9l\u00e9ologie , des activit\u00e9s sportives ou scientifiques qui s&rsquo;y rattachent directement ou indirectement, et notamment la descente de Canyons. Il en facilite la pratique a ses membres et contribue \u00e0 la connaissance et \u00e0 la sauvegarde du patrimoine souterrain naturel et artificiel.<\/p>\n\n\n\n<p>Il assure lui-m\u00eame ou fait assurer par un organisme reconnu de facto par ses pairs la formation indispensable \u00e0 la s\u00e9curit\u00e9 des ses membres.<\/p>\n\n\n\n<p>Si\u00e8ge de l&rsquo;association :<\/p>\n\n\n\n<p>47 , boulevard des fauvettes      13012 MARSEILLE <\/p>\n\n\n\n<p>Lieu de rencontre : <\/p>\n\n\n\n<p>cds13 &#8211; <a href=\"https:\/\/www.google.com\/search?client=safari&amp;channel=iphone_bm&amp;q=comit%C3%A9+d%C3%A9partemental+de+sp%C3%A9l%C3%A9ologie+et+de+canyon+adresse&amp;stick=H4sIAAAAAAAAAOPgE-LVT9c3NEw2LTZPToqv0JLNTrbSz8lPTizJzM-DM6wSU1KKUouLF7HaJOfnZpYcXqmQcnhlQWJRSWpual5JYo5CSqpCccHhlTmHV-bn5KdnpiqkloDEkhPzKvPzFBLBulMBg5Pn428AAAA&amp;ludocid=16162459034333994599&amp;sa=X&amp;ved=2ahUKEwiSveyVufDgAhVgDGMBHbsEARgQ6BMwFXoECAYQAw\">Adresse<\/a>&nbsp;:&nbsp;415 Avenue des Templiers, 13400 Aubagne<\/p>\n\n\n\n<p>Adresse mail du club : speleoclubdemarseille@gmail.com<\/p>\n\n\n\n<p>PRESIDENT  : Patrick CAIN <\/p>\n\n\n\n<p>TRESORIER  :Samuel CURIEN <\/p>\n\n\n\n<p>SECRETAIRE : Geraldine GAROT <\/p>\n\n\n\n<p>VICE-PRESIDENT: Stephane RIVIANI <\/p>\n\n\n\n<p>TRESORIER ADJOINT :Daniel CHIAMBRETTO <\/p>\n\n\n\n<p>SECRETAIRE ADJOINT : Chantal  DE CESARE   <\/p>\n\n\n\n<p><\/p>\n","protected":false},"excerpt":{"rendered":"<p>Il a \u00e9t\u00e9 fond\u00e9 le 1er f\u00e9vrier 1959 une association r\u00e9gie par la loi du 1er juillet 1901 et le d\u00e9cret du 16 Ao\u00fbt 1901 et ayant pour titre : SPELEO CLUB de MARSEILLE\u00a0(SCM)Cette Association prend forme des 1951 au sein du CLUB ALPIN FRAN\u00c7AIS (CAF) pour renforcer et compl\u00e9ter l&rsquo;\u00e9quipe d\u00e9j\u00e0 existante sous l&rsquo;appellation [&hellip;]<\/p>\n","protected":false},"author":1,"featured_media":0,"parent":0,"menu_order":0,"comment_status":"closed","ping_status":"closed","template":"","meta":[],"_links":{"self":[{"href":"https:\/\/speleoclubdemarseille.fr\/index.php?rest_route=\/wp\/v2\/pages\/145"}],"collection":[{"href":"https:\/\/speleoclubdemarseille.fr\/index.php?rest_route=\/wp\/v2\/pages"}],"about":[{"href":"https:\/\/speleoclubdemarseille.fr\/index.php?rest_route=\/wp\/v2\/types\/page"}],"author":[{"embeddable":true,"href":"https:\/\/speleoclubdemarseille.fr\/index.php?rest_route=\/wp\/v2\/users\/1"}],"replies":[{"embeddable":true,"href":"https:\/\/speleoclubdemarseille.fr\/index.php?rest_route=%2Fwp%2Fv2%2Fcomments&post=145"}],"version-history":[{"count":5,"href":"https:\/\/speleoclubdemarseille.fr\/index.php?rest_route=\/wp\/v2\/pages\/145\/revisions"}],"predecessor-version":[{"id":211,"href":"https:\/\/speleoclubdemarseille.fr\/index.php?rest_route=\/wp\/v2\/pages\/145\/revisions\/211"}],"wp:attachment":[{"href":"https:\/\/speleoclubdemarseille.fr\/index.php?rest_route=%2Fwp%2Fv2%2Fmedia&parent=145"}],"curies":[{"name":"wp","href":"https:\/\/api.w.org\/{rel}","templated":true}]}}